{"id":50,"date":"2026-01-27T17:44:33","date_gmt":"2026-01-27T21:44:33","guid":{"rendered":"http:\/\/45.181.224.250\/?page_id=50"},"modified":"2026-01-28T10:05:06","modified_gmt":"2026-01-28T14:05:06","slug":"sobre-nosotros","status":"publish","type":"page","link":"https:\/\/www.chircalnetwifi.com.ve\/index.php\/sobre-nosotros\/","title":{"rendered":"Sobre Nosotros"},"content":{"rendered":"\n<div class=\"wp-block-group alignfull has-custom-color-5-background-color has-background has-global-padding is-layout-constrained wp-block-group-is-layout-constrained\">\n<div class=\"wp-block-cover alignfull\" style=\"padding-top:var(--wp--preset--spacing--30);padding-right:var(--wp--preset--spacing--30);padding-bottom:var(--wp--preset--spacing--30);padding-left:var(--wp--preset--spacing--30);min-height:50px;aspect-ratio:unset;\"><img loading=\"lazy\" decoding=\"async\" width=\"736\" height=\"406\" class=\"wp-block-cover__image-background wp-image-40 size-full\" alt=\"\" src=\"http:\/\/45.181.224.250\/wp-content\/uploads\/2026\/01\/Proyecto-nuevo.png\" data-object-fit=\"cover\" srcset=\"https:\/\/www.chircalnetwifi.com.ve\/wp-content\/uploads\/2026\/01\/Proyecto-nuevo.png 736w, https:\/\/www.chircalnetwifi.com.ve\/wp-content\/uploads\/2026\/01\/Proyecto-nuevo-300x165.png 300w\" sizes=\"auto, (max-width: 736px) 100vw, 736px\" \/><span aria-hidden=\"true\" class=\"wp-block-cover__background has-custom-color-5-background-color has-background-dim-100 has-background-dim\"><\/span><div class=\"wp-block-cover__inner-container is-layout-flow wp-block-cover-is-layout-flow\">\n<div class=\"wp-block-group alignwide has-base-color has-text-color has-link-color wp-elements-fe39d33bbce649b657a9e028b4ddce98 is-content-justification-space-between is-layout-flex wp-container-core-group-is-layout-10d17ff1 wp-block-group-is-layout-flex\" style=\"margin-top:0;margin-bottom:0\">\n<div class=\"wp-block-group is-layout-flex wp-block-group-is-layout-flex\"><div class=\"is-style-default wp-block-site-logo\"><a href=\"https:\/\/www.chircalnetwifi.com.ve\/\" class=\"custom-logo-link\" rel=\"home\"><img loading=\"lazy\" decoding=\"async\" width=\"162\" height=\"35\" src=\"https:\/\/www.chircalnetwifi.com.ve\/wp-content\/uploads\/2026\/01\/LOGO-SILUETEADO.png\" class=\"custom-logo\" alt=\"J-41042823-6\" srcset=\"https:\/\/www.chircalnetwifi.com.ve\/wp-content\/uploads\/2026\/01\/LOGO-SILUETEADO.png 500w, https:\/\/www.chircalnetwifi.com.ve\/wp-content\/uploads\/2026\/01\/LOGO-SILUETEADO-300x65.png 300w\" sizes=\"auto, (max-width: 162px) 100vw, 162px\" \/><\/a><\/div>\n\n<h1 class=\"has-link-color wp-elements-e24c80986e13ab3d929b38d6b46e3019 wp-block-site-title has-text-color has-white-color has-medium-font-size\"><a href=\"https:\/\/www.chircalnetwifi.com.ve\" target=\"_self\" rel=\"home\">J-41042823-6<\/a><\/h1><\/div>\n\n\n<nav class=\"has-text-color has-white-color is-responsive items-justified-right wp-block-navigation is-content-justification-right is-layout-flex wp-container-core-navigation-is-layout-f665d2b5 wp-block-navigation-is-layout-flex\" aria-label=\"Navegaci\u00f3n\" \n\t\t data-wp-interactive=\"core\/navigation\" data-wp-context='{\"overlayOpenedBy\":{\"click\":false,\"hover\":false,\"focus\":false},\"type\":\"overlay\",\"roleAttribute\":\"\",\"ariaLabel\":\"Men\\u00fa\"}'><button aria-haspopup=\"dialog\" aria-label=\"Abrir el men\u00fa\" class=\"wp-block-navigation__responsive-container-open\" \n\t\t\t\tdata-wp-on--click=\"actions.openMenuOnClick\"\n\t\t\t\tdata-wp-on--keydown=\"actions.handleMenuKeydown\"\n\t\t\t><svg width=\"24\" height=\"24\" xmlns=\"http:\/\/www.w3.org\/2000\/svg\" viewBox=\"0 0 24 24\" aria-hidden=\"true\" focusable=\"false\"><path d=\"M4 7.5h16v1.5H4z\"><\/path><path d=\"M4 15h16v1.5H4z\"><\/path><\/svg><\/button>\n\t\t\t\t<div class=\"wp-block-navigation__responsive-container\"  id=\"modal-1\" \n\t\t\t\tdata-wp-class--has-modal-open=\"state.isMenuOpen\"\n\t\t\t\tdata-wp-class--is-menu-open=\"state.isMenuOpen\"\n\t\t\t\tdata-wp-watch=\"callbacks.initMenu\"\n\t\t\t\tdata-wp-on--keydown=\"actions.handleMenuKeydown\"\n\t\t\t\tdata-wp-on--focusout=\"actions.handleMenuFocusout\"\n\t\t\t\ttabindex=\"-1\"\n\t\t\t>\n\t\t\t\t\t<div class=\"wp-block-navigation__responsive-close\" tabindex=\"-1\">\n\t\t\t\t\t\t<div class=\"wp-block-navigation__responsive-dialog\" \n\t\t\t\tdata-wp-bind--aria-modal=\"state.ariaModal\"\n\t\t\t\tdata-wp-bind--aria-label=\"state.ariaLabel\"\n\t\t\t\tdata-wp-bind--role=\"state.roleAttribute\"\n\t\t\t>\n\t\t\t\t\t\t\t<button aria-label=\"Cerrar el men\u00fa\" class=\"wp-block-navigation__responsive-container-close\" \n\t\t\t\tdata-wp-on--click=\"actions.closeMenuOnClick\"\n\t\t\t><svg xmlns=\"http:\/\/www.w3.org\/2000\/svg\" viewBox=\"0 0 24 24\" width=\"24\" height=\"24\" aria-hidden=\"true\" focusable=\"false\"><path d=\"m13.06 12 6.47-6.47-1.06-1.06L12 10.94 5.53 4.47 4.47 5.53 10.94 12l-6.47 6.47 1.06 1.06L12 13.06l6.47 6.47 1.06-1.06L13.06 12Z\"><\/path><\/svg><\/button>\n\t\t\t\t\t\t\t<div class=\"wp-block-navigation__responsive-container-content\" \n\t\t\t\tdata-wp-watch=\"callbacks.focusFirstElement\"\n\t\t\t id=\"modal-1-content\">\n\t\t\t\t\t\t\t\t<ul class=\"wp-block-navigation__container has-text-color has-white-color is-responsive items-justified-right wp-block-navigation\"><li class=\" wp-block-navigation-item wp-block-navigation-link\"><a class=\"wp-block-navigation-item__content\"  href=\"https:\/\/www.chircalnetwifi.com.ve\/\"><span class=\"wp-block-navigation-item__label\">Inicio<\/span><\/a><\/li><li class=\" wp-block-navigation-item wp-block-navigation-link\"><a class=\"wp-block-navigation-item__content\"  href=\"https:\/\/www.chircalnetwifi.com.ve\/index.php\/servicios\/\"><span class=\"wp-block-navigation-item__label\">Servicio<\/span><\/a><\/li><li class=\" wp-block-navigation-item wp-block-navigation-link\"><a class=\"wp-block-navigation-item__content\"  href=\"https:\/\/www.chircalnetwifi.com.ve\/index.php\/sobre-nosotros\/\"><span class=\"wp-block-navigation-item__label\">Sobre Nosotros<\/span><\/a><\/li><li class=\" wp-block-navigation-item wp-block-navigation-link\"><a class=\"wp-block-navigation-item__content\"  href=\"https:\/\/www.chircalnetwifi.com.ve\/index.php\/contacto\/\"><span class=\"wp-block-navigation-item__label\">Contacto<\/span><\/a><\/li><\/ul>\n\t\t\t\t\t\t\t<\/div>\n\t\t\t\t\t\t<\/div>\n\t\t\t\t\t<\/div>\n\t\t\t\t<\/div><\/nav><\/div>\n<\/div><\/div>\n\n\n\n<div class=\"wp-block-cover alignfull\" style=\"min-height:555px;aspect-ratio:unset;\"><img loading=\"lazy\" decoding=\"async\" width=\"1009\" height=\"1024\" class=\"wp-block-cover__image-background wp-image-111 size-large\" alt=\"\" src=\"http:\/\/45.181.224.250\/wp-content\/uploads\/2026\/01\/SERVICIO-3.1png-1009x1024.png\" data-object-fit=\"cover\" srcset=\"https:\/\/www.chircalnetwifi.com.ve\/wp-content\/uploads\/2026\/01\/SERVICIO-3.1png-1009x1024.png 1009w, https:\/\/www.chircalnetwifi.com.ve\/wp-content\/uploads\/2026\/01\/SERVICIO-3.1png-296x300.png 296w, https:\/\/www.chircalnetwifi.com.ve\/wp-content\/uploads\/2026\/01\/SERVICIO-3.1png-768x780.png 768w, https:\/\/www.chircalnetwifi.com.ve\/wp-content\/uploads\/2026\/01\/SERVICIO-3.1png.png 1202w\" sizes=\"auto, (max-width: 1009px) 100vw, 1009px\" \/><span aria-hidden=\"true\" class=\"wp-block-cover__background has-background-dim-60 has-background-dim\" style=\"background-color:#39352a\"><\/span><div class=\"wp-block-cover__inner-container is-layout-flow wp-block-cover-is-layout-flow\">\n<p><\/p>\n\n\n\n<h2 class=\"wp-block-heading alignwide has-text-align-center has-contrast-3-color has-text-color has-body-font-family\" style=\"font-size:clamp(25.014px, 1.563rem + ((1vw - 3.2px) * 1.769), 42px);\"><strong>OPTIMIZAMOS TU EXPERIENCIA DE INTERNET CON LA MEJOR TECNOLOG\u00cdA DE FIBRA \u00d3PTICA, ASEGURANDO VELOCIDAD Y ESTABILIDAD EN CADA CONEXI\u00d3N.<\/strong><\/h2>\n<\/div><\/div>\n\n\n\n<div class=\"wp-block-group alignfull has-base-2-background-color has-background has-global-padding is-layout-constrained wp-container-core-group-is-layout-669513ed wp-block-group-is-layout-constrained\" style=\"margin-top:0;margin-bottom:0;padding-top:var(--wp--preset--spacing--50);padding-right:var(--wp--preset--spacing--50);padding-bottom:var(--wp--preset--spacing--50);padding-left:var(--wp--preset--spacing--50)\">\n<div class=\"wp-block-group is-vertical is-content-justification-center is-layout-flex wp-container-core-group-is-layout-52b864f0 wp-block-group-is-layout-flex\">\n<h2 class=\"wp-block-heading has-text-align-center is-style-default has-body-font-family\"><strong>Misi\u00f3n, Visi\u00f3n y Objetivos<\/strong><\/h2>\n\n\n\n<div style=\"height:0px\" aria-hidden=\"true\" class=\"wp-block-spacer wp-container-content-4f2ccadb\"><\/div>\n\n\n\n<p class=\"has-text-align-center\">Comprometidos con la innovaci\u00f3n y la calidad en telecomunicaciones.<\/p>\n\n\n\n<p><em>La fuerza detr\u00e1s de nuestra excelencia.<\/em><\/p>\n<\/div>\n\n\n\n<div style=\"margin-top:0;margin-bottom:0;height:var(--wp--preset--spacing--40)\" aria-hidden=\"true\" class=\"wp-block-spacer\"><\/div>\n\n\n\n<div class=\"wp-block-columns alignwide is-layout-flex wp-container-core-columns-is-layout-d0bbbce0 wp-block-columns-is-layout-flex\">\n<div class=\"wp-block-column is-layout-flow wp-container-core-column-is-layout-e3d1c41b wp-block-column-is-layout-flow\">\n<h3 class=\"wp-block-heading has-text-align-center is-style-default has-body-font-family has-medium-font-size\" style=\"font-style:normal;font-weight:600\">MISI\u00d3N<\/h3>\n\n\n\n<p class=\"has-text-align-center\">Nos dedicamos a ofrecer soluciones de telecomunicaciones que superan las expectativas de nuestros clientes, apoyados por un equipo humano altamente competente que genera resultados positivos con un fuerte compromiso hacia la calidad.<\/p>\n<\/div>\n\n\n\n<div class=\"wp-block-column is-layout-flow wp-container-core-column-is-layout-e3d1c41b wp-block-column-is-layout-flow\">\n<h3 class=\"wp-block-heading has-text-align-center is-style-default has-body-font-family has-medium-font-size\" style=\"font-style:normal;font-weight:600\">VISI\u00d3N<\/h3>\n\n\n\n<p class=\"has-text-align-center\">Nuestra meta es establecer a Chircalnet Telecom como l\u00edder en soluciones tecnol\u00f3gicas de conectividad, internet, comunicaci\u00f3n de voz y entretenimiento, dirigido a hogares, instituciones y empresas en toda Venezuela, asegurando as\u00ed la satisfacci\u00f3n de nuestros clientes a trav\u00e9s de un servicio de calidad, excelencia y dedicaci\u00f3n.<\/p>\n<\/div>\n\n\n\n<div class=\"wp-block-column is-layout-flow wp-container-core-column-is-layout-e3d1c41b wp-block-column-is-layout-flow\">\n<h3 class=\"wp-block-heading has-text-align-center is-style-default has-body-font-family has-medium-font-size\" style=\"font-style:normal;font-weight:600\">OBJETIVO<\/h3>\n\n\n\n<p class=\"has-text-align-center\">Crear un modelo de negocio orientado a la expansi\u00f3n de Chircalnet Telecom, garantizando la eficacia en todas nuestras operaciones, con el objetivo de fomentar un crecimiento sostenible y responsable de la empresa.<\/p>\n<\/div>\n<\/div>\n\n\n\n<div style=\"height:var(--wp--preset--spacing--20)\" aria-hidden=\"true\" class=\"wp-block-spacer\"><\/div>\n<\/div>\n\n\n\n<div class=\"wp-block-group alignfull has-base-color has-contrast-2-background-color has-text-color has-background has-global-padding is-layout-constrained wp-container-core-group-is-layout-ef3d885c wp-block-group-is-layout-constrained\" style=\"margin-top:0;margin-bottom:0;padding-top:var(--wp--preset--spacing--60);padding-right:var(--wp--preset--spacing--60);padding-bottom:var(--wp--preset--spacing--60);padding-left:var(--wp--preset--spacing--60)\">\n<div class=\"wp-block-group has-global-padding is-layout-constrained wp-block-group-is-layout-constrained\">\n<p class=\"has-text-align-center has-base-color has-text-color has-heading-font-family has-x-large-font-size\" style=\"line-height:1.2\"><em>\u201cSomos lo que hacemos repetidamente. La excelencia, entonces, no es un acto, sino un h\u00e1bito\u201d<\/em><\/p>\n\n\n\n<div style=\"height:var(--wp--preset--spacing--10)\" aria-hidden=\"true\" class=\"wp-block-spacer\"><\/div>\n\n\n\n<div class=\"wp-block-group is-vertical is-content-justification-center is-nowrap is-layout-flex wp-container-core-group-is-layout-2dc08cea wp-block-group-is-layout-flex\">\n<figure class=\"wp-block-image aligncenter size-thumbnail is-resized has-custom-border\"><img loading=\"lazy\" decoding=\"async\" width=\"150\" height=\"150\" src=\"http:\/\/45.181.224.250\/wp-content\/uploads\/2026\/01\/aristoteles-150x150.png\" alt=\"\" class=\"wp-image-117\" style=\"border-radius:100px;aspect-ratio:1;object-fit:cover;width:60px\"\/><\/figure>\n\n\n\n<p class=\"has-text-align-center\" style=\"margin-top:var(--wp--preset--spacing--10);margin-bottom:0\">Arist\u00f3teles<\/p>\n\n\n\n<p class=\"has-text-align-center has-contrast-3-color has-text-color has-small-font-size\" style=\"font-style:normal;font-weight:300\"><\/p>\n<\/div>\n<\/div>\n<\/div>\n\n\n\n<div class=\"wp-block-group alignfull has-custom-color-4-background-color has-background has-global-padding is-layout-constrained wp-container-core-group-is-layout-7cd14b77 wp-block-group-is-layout-constrained\" style=\"margin-top:0;margin-bottom:0;padding-top:var(--wp--preset--spacing--60);padding-right:var(--wp--preset--spacing--60);padding-bottom:var(--wp--preset--spacing--60);padding-left:var(--wp--preset--spacing--60)\">\n<div class=\"wp-block-group alignwide is-layout-flow wp-block-group-is-layout-flow\">\n<div style=\"height:0px\" aria-hidden=\"true\" class=\"wp-block-spacer\"><\/div>\n\n\n\n<p class=\"has-text-align-center has-base-2-color has-text-color has-link-color has-body-font-family has-large-font-size wp-elements-e8239c11fd660135a4133dc7ae265398\" style=\"font-style:normal;font-weight:400;line-height:1.2\">En Chircalnet Telecom, creemos que la excelencia no es un acto conectado a un momento, sino el h\u00e1bito de mantener en la l\u00ednea con lo que amas. Conectamos tu disciplina con tus resultados.<\/p>\n\n\n\n<div style=\"height:0px\" aria-hidden=\"true\" class=\"wp-block-spacer\"><\/div>\n\n\n\n<figure class=\"wp-block-image aligncenter size-full is-resized\"><img loading=\"lazy\" decoding=\"async\" width=\"500\" height=\"109\" src=\"http:\/\/45.181.224.250\/wp-content\/uploads\/2026\/01\/LOGO-SILUETEADO.png\" alt=\"\" class=\"wp-image-64\" style=\"aspect-ratio:4.58998646820027;width:142px;height:auto\" srcset=\"https:\/\/www.chircalnetwifi.com.ve\/wp-content\/uploads\/2026\/01\/LOGO-SILUETEADO.png 500w, https:\/\/www.chircalnetwifi.com.ve\/wp-content\/uploads\/2026\/01\/LOGO-SILUETEADO-300x65.png 300w\" sizes=\"auto, (max-width: 500px) 100vw, 500px\" \/><\/figure>\n<\/div>\n<\/div>\n\n\n\n<div class=\"wp-block-group alignfull has-base-2-background-color has-background has-global-padding is-layout-constrained wp-container-core-group-is-layout-669513ed wp-block-group-is-layout-constrained\" style=\"margin-top:0;margin-bottom:0;padding-top:var(--wp--preset--spacing--50);padding-right:var(--wp--preset--spacing--50);padding-bottom:var(--wp--preset--spacing--50);padding-left:var(--wp--preset--spacing--50)\">\n<div class=\"wp-block-group is-vertical is-content-justification-center is-layout-flex wp-container-core-group-is-layout-52b864f0 wp-block-group-is-layout-flex\">\n<h2 class=\"wp-block-heading has-text-align-center is-style-default has-body-font-family\"><strong>Nuestros Valores<\/strong><\/h2>\n\n\n\n<div style=\"height:0px\" aria-hidden=\"true\" class=\"wp-block-spacer wp-container-content-4f2ccadb\"><\/div>\n\n\n\n<p class=\"has-text-align-center\">Comprometidos con la excelencia.<\/p>\n<\/div>\n\n\n\n<div style=\"margin-top:0;margin-bottom:0;height:var(--wp--preset--spacing--40)\" aria-hidden=\"true\" class=\"wp-block-spacer\"><\/div>\n\n\n\n<div class=\"wp-block-columns alignwide is-layout-flex wp-container-core-columns-is-layout-d0bbbce0 wp-block-columns-is-layout-flex\">\n<div class=\"wp-block-column is-layout-flow wp-container-core-column-is-layout-e3d1c41b wp-block-column-is-layout-flow\">\n<h3 class=\"wp-block-heading has-text-align-left is-style-asterisk has-body-font-family has-medium-font-size\" style=\"font-style:normal;font-weight:600\">INTEGRIDAD<\/h3>\n\n\n\n<p class=\"has-text-align-left\">Creemos en hacer negocios de manera \u00e9tica y transparente, manteniendo siempre la confianza de nuestros clientes y socios comerciales.<\/p>\n<\/div>\n\n\n\n<div class=\"wp-block-column is-layout-flow wp-container-core-column-is-layout-e3d1c41b wp-block-column-is-layout-flow\">\n<h3 class=\"wp-block-heading has-text-align-left is-style-asterisk has-body-font-family has-medium-font-size\" style=\"font-style:normal;font-weight:600\">INNOVACI\u00d3N<\/h3>\n\n\n\n<p class=\"has-text-align-left\">Fomentamos una cultura de innovaci\u00f3n continua para adaptarnos a las nuevas tecnolog\u00edas y asegurarnos de ofrecer los mejores servicios del mercado.<\/p>\n<\/div>\n<\/div>\n\n\n\n<div style=\"height:var(--wp--preset--spacing--20)\" aria-hidden=\"true\" class=\"wp-block-spacer\"><\/div>\n\n\n\n<div class=\"wp-block-columns alignwide is-layout-flex wp-container-core-columns-is-layout-d0bbbce0 wp-block-columns-is-layout-flex\">\n<div class=\"wp-block-column is-layout-flow wp-container-core-column-is-layout-e3d1c41b wp-block-column-is-layout-flow\">\n<h3 class=\"wp-block-heading has-text-align-left is-style-asterisk has-body-font-family has-medium-font-size\" style=\"font-style:normal;font-weight:600\">COMPROMISO<\/h3>\n\n\n\n<p class=\"has-text-align-left\">Estamos comprometidos con el desarrollo de nuestros empleados y la satisfacci\u00f3n de nuestros clientes, trabajando juntos para alcanzar nuestras metas.<\/p>\n<\/div>\n\n\n\n<div class=\"wp-block-column is-layout-flow wp-container-core-column-is-layout-e3d1c41b wp-block-column-is-layout-flow\">\n<h3 class=\"wp-block-heading has-text-align-left is-style-asterisk has-body-font-family has-medium-font-size\" style=\"font-style:normal;font-weight:600\">CALIDAD<\/h3>\n\n\n\n<p class=\"has-text-align-left\">La calidad es nuestra prioridad en todos los aspectos del negocio, desde la instalaci\u00f3n de servicios hasta el soporte al cliente, garantizando resultados excepcionales.<\/p>\n<\/div>\n<\/div>\n<\/div>\n<\/div>\n\n\n\n<p><\/p>\n","protected":false},"excerpt":{"rendered":"<p>Misi\u00f3n, Visi\u00f3n y Objetivos Comprometidos con la innovaci\u00f3n y la calidad en telecomunicaciones. La fuerza detr\u00e1s de nuestra excelencia. MISI\u00d3N Nos dedicamos a ofrecer soluciones de telecomunicaciones que superan las expectativas de nuestros clientes, apoyados por un equipo humano altamente competente que genera resultados positivos con un fuerte compromiso hacia la calidad. VISI\u00d3N Nuestra meta [&hellip;]<\/p>\n","protected":false},"author":2,"featured_media":0,"parent":0,"menu_order":0,"comment_status":"closed","ping_status":"closed","template":"","meta":{"footnotes":""},"class_list":["post-50","page","type-page","status-publish","hentry"],"_links":{"self":[{"href":"https:\/\/www.chircalnetwifi.com.ve\/index.php\/wp-json\/wp\/v2\/pages\/50","targetHints":{"allow":["GET"]}}],"collection":[{"href":"https:\/\/www.chircalnetwifi.com.ve\/index.php\/wp-json\/wp\/v2\/pages"}],"about":[{"href":"https:\/\/www.chircalnetwifi.com.ve\/index.php\/wp-json\/wp\/v2\/types\/page"}],"author":[{"embeddable":true,"href":"https:\/\/www.chircalnetwifi.com.ve\/index.php\/wp-json\/wp\/v2\/users\/2"}],"replies":[{"embeddable":true,"href":"https:\/\/www.chircalnetwifi.com.ve\/index.php\/wp-json\/wp\/v2\/comments?post=50"}],"version-history":[{"count":3,"href":"https:\/\/www.chircalnetwifi.com.ve\/index.php\/wp-json\/wp\/v2\/pages\/50\/revisions"}],"predecessor-version":[{"id":121,"href":"https:\/\/www.chircalnetwifi.com.ve\/index.php\/wp-json\/wp\/v2\/pages\/50\/revisions\/121"}],"wp:attachment":[{"href":"https:\/\/www.chircalnetwifi.com.ve\/index.php\/wp-json\/wp\/v2\/media?parent=50"}],"curies":[{"name":"wp","href":"https:\/\/api.w.org\/{rel}","templated":true}]}}