{"id":41,"date":"2026-01-27T14:35:24","date_gmt":"2026-01-27T18:35:24","guid":{"rendered":"http:\/\/45.181.224.250\/?page_id=41"},"modified":"2026-01-29T00:25:37","modified_gmt":"2026-01-29T04:25:37","slug":"servicios","status":"publish","type":"page","link":"https:\/\/www.chircalnetwifi.com.ve\/index.php\/servicios\/","title":{"rendered":"Servicio"},"content":{"rendered":"\n<div class=\"wp-block-group alignfull has-background-color has-white-color has-custom-color-5-background-color has-text-color has-background has-link-color wp-elements-b3ecb9734cc84ede03232c7b00b3bcdf has-global-padding is-layout-constrained wp-container-core-group-is-layout-23b1a4dc wp-block-group-is-layout-constrained\" style=\"padding-top:var(--wp--preset--spacing--30);padding-right:var(--wp--preset--spacing--30);padding-bottom:var(--wp--preset--spacing--30);padding-left:var(--wp--preset--spacing--30)\">\n<div class=\"wp-block-group alignwide is-content-justification-space-between is-layout-flex wp-container-core-group-is-layout-b585a4aa wp-block-group-is-layout-flex\">\n<div class=\"wp-block-group is-layout-flex wp-block-group-is-layout-flex\"><div class=\"wp-block-site-logo\"><a href=\"https:\/\/www.chircalnetwifi.com.ve\/\" class=\"custom-logo-link\" rel=\"home\"><img loading=\"lazy\" decoding=\"async\" width=\"231\" height=\"50\" src=\"https:\/\/www.chircalnetwifi.com.ve\/wp-content\/uploads\/2026\/01\/LOGO-SILUETEADO.png\" class=\"custom-logo\" alt=\"J-41042823-6\" srcset=\"https:\/\/www.chircalnetwifi.com.ve\/wp-content\/uploads\/2026\/01\/LOGO-SILUETEADO.png 500w, https:\/\/www.chircalnetwifi.com.ve\/wp-content\/uploads\/2026\/01\/LOGO-SILUETEADO-300x65.png 300w\" sizes=\"auto, (max-width: 231px) 100vw, 231px\" \/><\/a><\/div>\n\n<h1 class=\"has-link-color wp-elements-10bdd254084fdf6e250e6da34f67c8e8 wp-block-site-title has-small-font-size\"><a href=\"https:\/\/www.chircalnetwifi.com.ve\" target=\"_self\" rel=\"home\">J-41042823-6<\/a><\/h1><\/div>\n\n\n\n<div class=\"wp-block-group is-layout-flex wp-block-group-is-layout-flex\"><nav class=\"is-responsive items-justified-right wp-block-navigation is-content-justification-right is-layout-flex wp-container-core-navigation-is-layout-f665d2b5 wp-block-navigation-is-layout-flex\" aria-label=\"Navegaci\u00f3n\" \n\t\t data-wp-interactive=\"core\/navigation\" data-wp-context='{\"overlayOpenedBy\":{\"click\":false,\"hover\":false,\"focus\":false},\"type\":\"overlay\",\"roleAttribute\":\"\",\"ariaLabel\":\"Men\\u00fa\"}'><button aria-haspopup=\"dialog\" aria-label=\"Abrir el men\u00fa\" class=\"wp-block-navigation__responsive-container-open\" \n\t\t\t\tdata-wp-on--click=\"actions.openMenuOnClick\"\n\t\t\t\tdata-wp-on--keydown=\"actions.handleMenuKeydown\"\n\t\t\t><svg width=\"24\" height=\"24\" xmlns=\"http:\/\/www.w3.org\/2000\/svg\" viewBox=\"0 0 24 24\" aria-hidden=\"true\" focusable=\"false\"><path d=\"M4 7.5h16v1.5H4z\"><\/path><path d=\"M4 15h16v1.5H4z\"><\/path><\/svg><\/button>\n\t\t\t\t<div class=\"wp-block-navigation__responsive-container\"  id=\"modal-1\" \n\t\t\t\tdata-wp-class--has-modal-open=\"state.isMenuOpen\"\n\t\t\t\tdata-wp-class--is-menu-open=\"state.isMenuOpen\"\n\t\t\t\tdata-wp-watch=\"callbacks.initMenu\"\n\t\t\t\tdata-wp-on--keydown=\"actions.handleMenuKeydown\"\n\t\t\t\tdata-wp-on--focusout=\"actions.handleMenuFocusout\"\n\t\t\t\ttabindex=\"-1\"\n\t\t\t>\n\t\t\t\t\t<div class=\"wp-block-navigation__responsive-close\" tabindex=\"-1\">\n\t\t\t\t\t\t<div class=\"wp-block-navigation__responsive-dialog\" \n\t\t\t\tdata-wp-bind--aria-modal=\"state.ariaModal\"\n\t\t\t\tdata-wp-bind--aria-label=\"state.ariaLabel\"\n\t\t\t\tdata-wp-bind--role=\"state.roleAttribute\"\n\t\t\t>\n\t\t\t\t\t\t\t<button aria-label=\"Cerrar el men\u00fa\" class=\"wp-block-navigation__responsive-container-close\" \n\t\t\t\tdata-wp-on--click=\"actions.closeMenuOnClick\"\n\t\t\t><svg xmlns=\"http:\/\/www.w3.org\/2000\/svg\" viewBox=\"0 0 24 24\" width=\"24\" height=\"24\" aria-hidden=\"true\" focusable=\"false\"><path d=\"m13.06 12 6.47-6.47-1.06-1.06L12 10.94 5.53 4.47 4.47 5.53 10.94 12l-6.47 6.47 1.06 1.06L12 13.06l6.47 6.47 1.06-1.06L13.06 12Z\"><\/path><\/svg><\/button>\n\t\t\t\t\t\t\t<div class=\"wp-block-navigation__responsive-container-content\" \n\t\t\t\tdata-wp-watch=\"callbacks.focusFirstElement\"\n\t\t\t id=\"modal-1-content\">\n\t\t\t\t\t\t\t\t<ul class=\"wp-block-navigation__container is-responsive items-justified-right wp-block-navigation\"><li class=\" wp-block-navigation-item wp-block-navigation-link\"><a class=\"wp-block-navigation-item__content\"  href=\"https:\/\/www.chircalnetwifi.com.ve\/\"><span class=\"wp-block-navigation-item__label\">Inicio<\/span><\/a><\/li><li class=\" wp-block-navigation-item wp-block-navigation-link\"><a class=\"wp-block-navigation-item__content\"  href=\"https:\/\/www.chircalnetwifi.com.ve\/index.php\/servicios\/\"><span class=\"wp-block-navigation-item__label\">Servicio<\/span><\/a><\/li><li class=\" wp-block-navigation-item wp-block-navigation-link\"><a class=\"wp-block-navigation-item__content\"  href=\"https:\/\/www.chircalnetwifi.com.ve\/index.php\/sobre-nosotros\/\"><span class=\"wp-block-navigation-item__label\">Sobre Nosotros<\/span><\/a><\/li><li class=\" wp-block-navigation-item wp-block-navigation-link\"><a class=\"wp-block-navigation-item__content\"  href=\"https:\/\/www.chircalnetwifi.com.ve\/index.php\/contacto\/\"><span class=\"wp-block-navigation-item__label\">Contacto<\/span><\/a><\/li><\/ul>\n\t\t\t\t\t\t\t<\/div>\n\t\t\t\t\t\t<\/div>\n\t\t\t\t\t<\/div>\n\t\t\t\t<\/div><\/nav><\/div>\n<\/div>\n<\/div>\n\n\n\n<div class=\"wp-block-cover alignfull has-custom-content-position is-position-bottom-center\" style=\"margin-top:0;margin-bottom:0;padding-top:var(--wp--preset--spacing--50);padding-right:var(--wp--preset--spacing--50);padding-bottom:var(--wp--preset--spacing--50);padding-left:var(--wp--preset--spacing--50);min-height:847px;aspect-ratio:unset;\"><img loading=\"lazy\" decoding=\"async\" width=\"1024\" height=\"568\" class=\"wp-block-cover__image-background wp-image-55 size-large\" alt=\"\" src=\"http:\/\/45.181.224.250\/wp-content\/uploads\/2026\/01\/SERVICIOS-1024x568.png\" style=\"object-position:53% 52%\" data-object-fit=\"cover\" data-object-position=\"53% 52%\" srcset=\"https:\/\/www.chircalnetwifi.com.ve\/wp-content\/uploads\/2026\/01\/SERVICIOS-1024x568.png 1024w, https:\/\/www.chircalnetwifi.com.ve\/wp-content\/uploads\/2026\/01\/SERVICIOS-300x166.png 300w, https:\/\/www.chircalnetwifi.com.ve\/wp-content\/uploads\/2026\/01\/SERVICIOS-768x426.png 768w, https:\/\/www.chircalnetwifi.com.ve\/wp-content\/uploads\/2026\/01\/SERVICIOS-1536x852.png 1536w, https:\/\/www.chircalnetwifi.com.ve\/wp-content\/uploads\/2026\/01\/SERVICIOS.png 2014w\" sizes=\"auto, (max-width: 1024px) 100vw, 1024px\" \/><span aria-hidden=\"true\" class=\"wp-block-cover__background has-background-dim-10 has-background-dim\"><\/span><div class=\"wp-block-cover__inner-container has-global-padding is-layout-constrained wp-container-core-cover-is-layout-d89aad35 wp-block-cover-is-layout-constrained\">\n<div class=\"wp-block-group alignwide has-global-padding is-content-justification-left is-layout-constrained wp-container-core-group-is-layout-12dd3699 wp-block-group-is-layout-constrained\">\n<h2 class=\"wp-block-heading has-text-align-left has-body-font-family has-xx-large-font-size\"><strong>Servicio de Telecomunicaciones de Calidad<\/strong><\/h2>\n\n\n\n<p class=\"has-medium-font-size\">Conectividad r\u00e1pida y confiable a su alcance.<\/p>\n\n\n\n<div class=\"wp-block-buttons is-layout-flex wp-block-buttons-is-layout-flex\">\n<div class=\"wp-block-button\"><a class=\"wp-block-button__link wp-element-button\">Learn more<\/a><\/div>\n<\/div>\n<\/div>\n\n\n\n<h2 class=\"wp-block-heading has-text-align-center is-style-default has-body-font-family\"><strong>Nuestro proceso de instalaci\u00f3n es sencillo<\/strong><\/h2>\n\n\n\n<p class=\"has-text-align-center\">La instalaci\u00f3n r\u00e1pida y sin complicaciones que necesitas.<\/p>\n<\/div><\/div>\n\n\n\n<div class=\"wp-block-group alignfull is-style-section-5 has-contrast-3-background-color has-background has-global-padding is-layout-constrained wp-block-group-is-layout-constrained\" style=\"margin-top:0;margin-bottom:0;padding-top:var(--wp--preset--spacing--50);padding-bottom:var(--wp--preset--spacing--50)\">\n<div class=\"wp-block-columns alignwide is-layout-flex wp-container-core-columns-is-layout-7ee84d44 wp-block-columns-is-layout-flex\">\n<div class=\"wp-block-column is-vertically-aligned-center is-layout-flow wp-block-column-is-layout-flow\" style=\"flex-basis:50%\">\n<h2 class=\"wp-block-heading is-style-default has-body-font-family\"><strong>Solicitud de instalaci\u00f3n<\/strong><\/h2>\n\n\n\n<p class=\"has-medium-font-size\">Comienza tu experiencia con Chircalnet Telecom solicitando nuestros planes y elige la instalaci\u00f3n que m\u00e1s se adecue a tus necesidades. Nuestro equipo se encargar\u00e1 de coordinar una visita a tu hogar o negocio, asegurando que todo est\u00e9 listo para que disfrutes de tu servicio de internet. Te guiaremos en cada paso del proceso.<\/p>\n<\/div>\n\n\n\n<div class=\"wp-block-column is-vertically-aligned-center is-layout-flow wp-block-column-is-layout-flow\" style=\"flex-basis:50%\">\n<figure class=\"wp-block-image size-full has-custom-border\"><img loading=\"lazy\" decoding=\"async\" width=\"1053\" height=\"1404\" src=\"http:\/\/45.181.224.250\/wp-content\/uploads\/2026\/01\/SERVICIOS-1.png\" alt=\"\" class=\"wp-image-56\" style=\"border-top-left-radius:21px;border-top-right-radius:21px;border-bottom-left-radius:21px;border-bottom-right-radius:21px;aspect-ratio:1;object-fit:cover\" srcset=\"https:\/\/www.chircalnetwifi.com.ve\/wp-content\/uploads\/2026\/01\/SERVICIOS-1.png 1053w, https:\/\/www.chircalnetwifi.com.ve\/wp-content\/uploads\/2026\/01\/SERVICIOS-1-225x300.png 225w, https:\/\/www.chircalnetwifi.com.ve\/wp-content\/uploads\/2026\/01\/SERVICIOS-1-768x1024.png 768w\" sizes=\"auto, (max-width: 1053px) 100vw, 1053px\" \/><\/figure>\n<\/div>\n<\/div>\n\n\n\n<p><\/p>\n<\/div>\n\n\n\n<div class=\"wp-block-group alignfull is-style-section-5 has-custom-color-4-background-color has-background has-global-padding is-layout-constrained wp-block-group-is-layout-constrained\" style=\"margin-top:0;margin-bottom:0;padding-top:var(--wp--preset--spacing--50);padding-bottom:var(--wp--preset--spacing--50)\">\n<div class=\"wp-block-columns alignwide is-layout-flex wp-container-core-columns-is-layout-7ee84d44 wp-block-columns-is-layout-flex\">\n<div class=\"wp-block-column is-vertically-aligned-center is-layout-flow wp-block-column-is-layout-flow\" style=\"flex-basis:50%\">\n<div class=\"wp-block-group is-nowrap is-layout-flex wp-container-core-group-is-layout-6c531013 wp-block-group-is-layout-flex\">\n<figure class=\"wp-block-image alignleft size-full has-custom-border\"><img loading=\"lazy\" decoding=\"async\" width=\"1019\" height=\"1358\" src=\"http:\/\/45.181.224.250\/wp-content\/uploads\/2026\/01\/SERVICIO-2.png\" alt=\"\" class=\"wp-image-57\" style=\"border-top-left-radius:20px;border-top-right-radius:20px;border-bottom-left-radius:20px;border-bottom-right-radius:20px;aspect-ratio:1;object-fit:cover\" srcset=\"https:\/\/www.chircalnetwifi.com.ve\/wp-content\/uploads\/2026\/01\/SERVICIO-2.png 1019w, https:\/\/www.chircalnetwifi.com.ve\/wp-content\/uploads\/2026\/01\/SERVICIO-2-225x300.png 225w, https:\/\/www.chircalnetwifi.com.ve\/wp-content\/uploads\/2026\/01\/SERVICIO-2-768x1023.png 768w\" sizes=\"auto, (max-width: 1019px) 100vw, 1019px\" \/><\/figure>\n<\/div>\n\n\n\n<p class=\"has-medium-font-size\"><\/p>\n<\/div>\n\n\n\n<div class=\"wp-block-column is-vertically-aligned-center is-layout-flow wp-block-column-is-layout-flow\" style=\"flex-basis:50%\">\n<h2 class=\"wp-block-heading has-base-2-color has-text-color has-link-color has-body-font-family wp-elements-121e91785302cfca80b74ca641ec5d99\"><strong>Visita del T\u00e9cnico<\/strong><\/h2>\n\n\n\n<p class=\"has-base-2-color has-text-color has-link-color wp-elements-0ebca5157ae3740628763f2f905a9ad2\">Un t\u00e9cnico especializado visitar\u00e1 la ubicaci\u00f3n donde requieres el servicio y realizar\u00e1 la instalaci\u00f3n. Este proceso incluye la configuraci\u00f3n del equipo necesario y verificar que la conexi\u00f3n funcione correctamente. Nos aseguramos de que est\u00e9s completamente satisfecho antes de finalizar la visita.<\/p>\n<\/div>\n<\/div>\n<\/div>\n\n\n\n<div class=\"wp-block-group alignfull is-style-section-5 has-global-padding is-layout-constrained wp-block-group-is-layout-constrained\" style=\"margin-top:0;margin-bottom:0;padding-top:var(--wp--preset--spacing--50);padding-bottom:var(--wp--preset--spacing--50)\">\n<div class=\"wp-block-columns alignwide is-layout-flex wp-container-core-columns-is-layout-7ee84d44 wp-block-columns-is-layout-flex\">\n<div class=\"wp-block-column is-vertically-aligned-center is-layout-flow wp-block-column-is-layout-flow\" style=\"flex-basis:50%\">\n<h2 class=\"wp-block-heading has-body-font-family\"><strong>Activaci\u00f3n de Servicio<\/strong><\/h2>\n\n\n\n<p class=\"has-medium-font-size\">Una vez finalizada la instalaci\u00f3n, procederemos a activar tu servicio de internet. Te proporcionaremos toda la informaci\u00f3n necesaria para que puedas comenzar a disfrutar de la velocidad y confiabilidad que ofrecemos. Nuestro soporte t\u00e9cnico estar\u00e1 disponible para cualquier consulta.<\/p>\n<\/div>\n\n\n\n<div class=\"wp-block-column is-vertically-aligned-center is-layout-flow wp-block-column-is-layout-flow\" style=\"flex-basis:50%\">\n<figure class=\"wp-block-image size-full has-custom-border\"><img loading=\"lazy\" decoding=\"async\" width=\"1199\" height=\"1216\" src=\"http:\/\/45.181.224.250\/wp-content\/uploads\/2026\/01\/SERVICIO-3.png\" alt=\"\" class=\"wp-image-58\" style=\"border-top-left-radius:27px;border-top-right-radius:27px;border-bottom-left-radius:27px;border-bottom-right-radius:27px;aspect-ratio:1;object-fit:cover\" srcset=\"https:\/\/www.chircalnetwifi.com.ve\/wp-content\/uploads\/2026\/01\/SERVICIO-3.png 1199w, https:\/\/www.chircalnetwifi.com.ve\/wp-content\/uploads\/2026\/01\/SERVICIO-3-296x300.png 296w, https:\/\/www.chircalnetwifi.com.ve\/wp-content\/uploads\/2026\/01\/SERVICIO-3-1010x1024.png 1010w, https:\/\/www.chircalnetwifi.com.ve\/wp-content\/uploads\/2026\/01\/SERVICIO-3-768x779.png 768w\" sizes=\"auto, (max-width: 1199px) 100vw, 1199px\" \/><\/figure>\n<\/div>\n<\/div>\n\n\n\n<p><\/p>\n<\/div>\n\n\n\n<div class=\"wp-block-group alignfull has-custom-color-5-background-color has-background has-global-padding is-layout-constrained wp-block-group-is-layout-constrained\" style=\"margin-top:0;margin-bottom:0\">\n<div class=\"wp-block-group alignwide is-layout-grid wp-container-core-group-is-layout-5fdb10e5 wp-block-group-is-layout-grid\" style=\"padding-top:var(--wp--preset--spacing--50);padding-bottom:var(--wp--preset--spacing--50)\">\n<div class=\"wp-block-group is-vertical is-content-justification-stretch is-nowrap is-layout-flex wp-container-core-group-is-layout-627337ab wp-block-group-is-layout-flex\">\n<div class=\"wp-block-group is-vertical is-content-justification-left is-layout-flex wp-container-core-group-is-layout-dd225191 wp-block-group-is-layout-flex\">\n<p class=\"is-style-text-subtitle has-base-2-color has-text-color has-link-color has-medium-font-size wp-elements-39053eeceee379b7f9a16da1a1a1f70a\">En Chircalnet Telecom, somos m\u00e1s que un proveedor de servicios; somos tu aliado tecnol\u00f3gico. Nacimos con la misi\u00f3n de eliminar las barreras de conectividad y ofrecer una experiencia digital superior.<\/p>\n\n\n\n<p class=\"has-base-2-color has-text-color has-link-color has-medium-font-size wp-elements-2a21d60dfb205430ba70817955a1d856\">Nuestro enfoque es claro:<strong> \u00abR\u00e1pido, eficiente y Productivo\u00bb.<\/strong> Trabajamos d\u00eda a d\u00eda para que hogares y empresas cuenten con una red absoluta que soporte el ritmo de mundo actual.<\/p>\n<\/div>\n\n\n\n<figure class=\"wp-block-image size-full has-custom-border\"><img loading=\"lazy\" decoding=\"async\" width=\"956\" height=\"974\" src=\"http:\/\/45.181.224.250\/wp-content\/uploads\/2026\/01\/fitelven.png\" alt=\"\" class=\"wp-image-62\" style=\"border-top-left-radius:35px;border-top-right-radius:35px;border-bottom-left-radius:35px;border-bottom-right-radius:35px;aspect-ratio:16\/9;object-fit:cover\" srcset=\"https:\/\/www.chircalnetwifi.com.ve\/wp-content\/uploads\/2026\/01\/fitelven.png 956w, https:\/\/www.chircalnetwifi.com.ve\/wp-content\/uploads\/2026\/01\/fitelven-294x300.png 294w, https:\/\/www.chircalnetwifi.com.ve\/wp-content\/uploads\/2026\/01\/fitelven-768x782.png 768w\" sizes=\"auto, (max-width: 956px) 100vw, 956px\" \/><\/figure>\n<\/div>\n\n\n\n<figure class=\"wp-block-image size-full has-custom-border\"><img loading=\"lazy\" decoding=\"async\" width=\"512\" height=\"512\" src=\"http:\/\/45.181.224.250\/wp-content\/uploads\/2026\/01\/MARIA.png\" alt=\"\" class=\"wp-image-59\" style=\"border-top-left-radius:43px;border-top-right-radius:43px;border-bottom-left-radius:43px;border-bottom-right-radius:43px;aspect-ratio:3\/4;object-fit:cover\" srcset=\"https:\/\/www.chircalnetwifi.com.ve\/wp-content\/uploads\/2026\/01\/MARIA.png 512w, https:\/\/www.chircalnetwifi.com.ve\/wp-content\/uploads\/2026\/01\/MARIA-300x300.png 300w, https:\/\/www.chircalnetwifi.com.ve\/wp-content\/uploads\/2026\/01\/MARIA-150x150.png 150w\" sizes=\"auto, (max-width: 512px) 100vw, 512px\" \/><\/figure>\n<\/div>\n<\/div>\n\n\n\n<div class=\"wp-block-cover alignfull is-light has-parallax wp-duotone-0d116e-f58634-3\" style=\"margin-top:0;padding-top:48px;padding-right:48px;padding-bottom:48px;padding-left:48px;min-height:66vh;aspect-ratio:unset;\"><div class=\"wp-block-cover__image-background wp-image-137 size-large has-parallax\" style=\"background-position:50% 50%;background-image:url(https:\/\/www.chircalnetwifi.com.ve\/wp-content\/uploads\/2026\/01\/PORTAL-1024x508.jpg)\"><\/div><span aria-hidden=\"true\" class=\"wp-block-cover__background has-background-dim-30 has-background-dim\" style=\"background-color:#b2c3d5\"><\/span><div class=\"wp-block-cover__inner-container is-layout-flow wp-block-cover-is-layout-flow\">\n<div class=\"wp-block-group alignfull has-global-padding is-layout-constrained wp-block-group-is-layout-constrained\" style=\"margin-top:0;margin-bottom:0\">\n<h2 class=\"wp-block-heading has-text-align-center has-base-2-color has-text-color has-link-color has-body-font-family has-xx-large-font-size wp-elements-a3cd7c4ccfb3bfc48a840394e606d6e9\"><strong>INGRESA A NUESTRO PORTAL DE PAGOS<\/strong><\/h2>\n\n\n\n<div class=\"wp-block-buttons is-content-justification-center is-layout-flex wp-container-core-buttons-is-layout-a89b3969 wp-block-buttons-is-layout-flex\">\n<div class=\"wp-block-button has-custom-width wp-block-button__width-50 is-style-outline is-style-outline--2\"><a class=\"wp-block-button__link has-base-2-color has-text-color has-link-color has-text-align-center wp-element-button\" href=\"https:\/\/clientes.chircalnetwifi.com.ve\/auth\/login\" style=\"border-width:13px\"><strong>INGRESA AQU\u00cd<\/strong><\/a><\/div>\n<\/div>\n<\/div>\n<\/div><\/div>\n\n\n\n<div class=\"wp-block-group is-vertical is-content-justification-center is-layout-flex wp-container-core-group-is-layout-838cd1cc wp-block-group-is-layout-flex\" style=\"padding-top:var(--wp--preset--spacing--40);padding-bottom:var(--wp--preset--spacing--50)\"><div class=\"is-default-size wp-block-site-logo\"><a href=\"https:\/\/www.chircalnetwifi.com.ve\/\" class=\"custom-logo-link\" rel=\"home\"><img loading=\"lazy\" decoding=\"async\" width=\"500\" height=\"109\" src=\"https:\/\/www.chircalnetwifi.com.ve\/wp-content\/uploads\/2026\/01\/LOGO-SILUETEADO.png\" class=\"custom-logo\" alt=\"J-41042823-6\" srcset=\"https:\/\/www.chircalnetwifi.com.ve\/wp-content\/uploads\/2026\/01\/LOGO-SILUETEADO.png 500w, https:\/\/www.chircalnetwifi.com.ve\/wp-content\/uploads\/2026\/01\/LOGO-SILUETEADO-300x65.png 300w\" sizes=\"auto, (max-width: 500px) 100vw, 500px\" \/><\/a><\/div>\n\n<nav class=\"has-small-font-size items-justified-center wp-block-navigation is-content-justification-center is-layout-flex wp-container-core-navigation-is-layout-a89b3969 wp-block-navigation-is-layout-flex\" aria-label=\"Navegaci\u00f3n 2\"><ul class=\"wp-block-navigation__container has-small-font-size items-justified-center wp-block-navigation has-small-font-size\"><li class=\"has-small-font-size wp-block-navigation-item wp-block-navigation-link\"><a class=\"wp-block-navigation-item__content\"  href=\"https:\/\/www.chircalnetwifi.com.ve\/\"><span class=\"wp-block-navigation-item__label\">Inicio<\/span><\/a><\/li><li class=\"has-small-font-size wp-block-navigation-item wp-block-navigation-link\"><a class=\"wp-block-navigation-item__content\"  href=\"https:\/\/www.chircalnetwifi.com.ve\/index.php\/servicios\/\"><span class=\"wp-block-navigation-item__label\">Servicio<\/span><\/a><\/li><li class=\"has-small-font-size wp-block-navigation-item wp-block-navigation-link\"><a class=\"wp-block-navigation-item__content\"  href=\"https:\/\/www.chircalnetwifi.com.ve\/index.php\/sobre-nosotros\/\"><span class=\"wp-block-navigation-item__label\">Sobre Nosotros<\/span><\/a><\/li><li class=\"has-small-font-size wp-block-navigation-item wp-block-navigation-link\"><a class=\"wp-block-navigation-item__content\"  href=\"https:\/\/www.chircalnetwifi.com.ve\/index.php\/contacto\/\"><span class=\"wp-block-navigation-item__label\">Contacto<\/span><\/a><\/li><\/ul><\/nav><\/div>\n","protected":false},"excerpt":{"rendered":"<p>Solicitud de instalaci\u00f3n Comienza tu experiencia con Chircalnet Telecom solicitando nuestros planes y elige la instalaci\u00f3n que m\u00e1s se adecue a tus necesidades. Nuestro equipo se encargar\u00e1 de coordinar una visita a tu hogar o negocio, asegurando que todo est\u00e9 listo para que disfrutes de tu servicio de internet. Te guiaremos en cada paso del [&hellip;]<\/p>\n","protected":false},"author":2,"featured_media":0,"parent":0,"menu_order":0,"comment_status":"closed","ping_status":"closed","template":"","meta":{"footnotes":""},"class_list":["post-41","page","type-page","status-publish","hentry"],"_links":{"self":[{"href":"https:\/\/www.chircalnetwifi.com.ve\/index.php\/wp-json\/wp\/v2\/pages\/41","targetHints":{"allow":["GET"]}}],"collection":[{"href":"https:\/\/www.chircalnetwifi.com.ve\/index.php\/wp-json\/wp\/v2\/pages"}],"about":[{"href":"https:\/\/www.chircalnetwifi.com.ve\/index.php\/wp-json\/wp\/v2\/types\/page"}],"author":[{"embeddable":true,"href":"https:\/\/www.chircalnetwifi.com.ve\/index.php\/wp-json\/wp\/v2\/users\/2"}],"replies":[{"embeddable":true,"href":"https:\/\/www.chircalnetwifi.com.ve\/index.php\/wp-json\/wp\/v2\/comments?post=41"}],"version-history":[{"count":10,"href":"https:\/\/www.chircalnetwifi.com.ve\/index.php\/wp-json\/wp\/v2\/pages\/41\/revisions"}],"predecessor-version":[{"id":154,"href":"https:\/\/www.chircalnetwifi.com.ve\/index.php\/wp-json\/wp\/v2\/pages\/41\/revisions\/154"}],"wp:attachment":[{"href":"https:\/\/www.chircalnetwifi.com.ve\/index.php\/wp-json\/wp\/v2\/media?parent=41"}],"curies":[{"name":"wp","href":"https:\/\/api.w.org\/{rel}","templated":true}]}}